{"id":19,"date":"2013-03-21T20:00:44","date_gmt":"2013-03-21T20:00:44","guid":{"rendered":"http:\/\/www.armotec.es\/wordpress\/?page_id=19"},"modified":"2013-03-21T20:16:39","modified_gmt":"2013-03-21T20:16:39","slug":"armotec","status":"publish","type":"page","link":"http:\/\/www.armotec.es\/wordpress\/?page_id=19","title":{"rendered":"Armotec"},"content":{"rendered":"<p align=\"justify\">Contamos con una experiencia con m\u00e1s de 125 a\u00f1os. Ya son cuatro generaciones trabajando en el sector del acero y alum\u00ednio.<\/p>\n<p align=\"justify\">Personal especializado y con todo el equipo t\u00e9cnico, materiales y herramientas necesarios para realizar nuestro trabajo con la garant\u00eda y calidad que nuestros clientes exigen.<\/p>\n<p align=\"justify\">Adem\u00e1s disponemos de una amplia exposici\u00f3n donde nuestros clientes podr\u00e1n ver el acabado final de cada uno de nuestros productos.<\/p>\n<p><strong>En Armotec podr\u00e1 encontrar todos elementos necesarios para la seguridad de su hogar.<\/strong><\/p>\n<p><a href=\"http:\/\/www.armotec.es\/\">www.armotec.es<\/a><\/p>\n<p>&nbsp;<\/p>\n","protected":false},"excerpt":{"rendered":"<p>Contamos con una experiencia con m\u00e1s de 125 a\u00f1os. Ya son cuatro generaciones trabajando en el sector del acero y alum\u00ednio. Personal especializado y con todo el equipo t\u00e9cnico, materiales y herramientas necesarios para realizar nuestro trabajo con la garant\u00eda y calidad que nuestros clientes exigen. Adem\u00e1s disponemos de una amplia exposici\u00f3n donde nuestros clientes [&hellip;]<\/p>\n","protected":false},"author":1,"featured_media":0,"parent":0,"menu_order":0,"comment_status":"closed","ping_status":"open","template":"","meta":[],"_links":{"self":[{"href":"http:\/\/www.armotec.es\/wordpress\/index.php?rest_route=\/wp\/v2\/pages\/19"}],"collection":[{"href":"http:\/\/www.armotec.es\/wordpress\/index.php?rest_route=\/wp\/v2\/pages"}],"about":[{"href":"http:\/\/www.armotec.es\/wordpress\/index.php?rest_route=\/wp\/v2\/types\/page"}],"author":[{"embeddable":true,"href":"http:\/\/www.armotec.es\/wordpress\/index.php?rest_route=\/wp\/v2\/users\/1"}],"replies":[{"embeddable":true,"href":"http:\/\/www.armotec.es\/wordpress\/index.php?rest_route=%2Fwp%2Fv2%2Fcomments&post=19"}],"version-history":[{"count":4,"href":"http:\/\/www.armotec.es\/wordpress\/index.php?rest_route=\/wp\/v2\/pages\/19\/revisions"}],"predecessor-version":[{"id":24,"href":"http:\/\/www.armotec.es\/wordpress\/index.php?rest_route=\/wp\/v2\/pages\/19\/revisions\/24"}],"wp:attachment":[{"href":"http:\/\/www.armotec.es\/wordpress\/index.php?rest_route=%2Fwp%2Fv2%2Fmedia&parent=19"}],"curies":[{"name":"wp","href":"https:\/\/api.w.org\/{rel}","templated":true}]}}